{"id":3994,"date":"2025-11-20T11:15:08","date_gmt":"2025-11-20T10:15:08","guid":{"rendered":"https:\/\/terratour.ma\/voyage-sur-mesure\/"},"modified":"2026-02-10T12:19:02","modified_gmt":"2026-02-10T11:19:02","slug":"viaje-a-medida","status":"publish","type":"page","link":"https:\/\/terratour.ma\/es\/viaje-a-medida\/","title":{"rendered":"Viaje a medida"},"content":{"rendered":"","protected":false},"excerpt":{"rendered":"","protected":false},"author":1,"featured_media":783,"parent":0,"menu_order":0,"comment_status":"closed","ping_status":"closed","template":"page-voyage-sur-mesure.php","meta":{"_acf_changed":false,"footnotes":""},"class_list":["post-3994","page","type-page","status-publish","has-post-thumbnail","hentry"],"acf":[],"yoast_head":"<!-- This site is optimized with the Yoast SEO plugin v27.4 - https:\/\/yoast.com\/product\/yoast-seo-wordpress\/ -->\n<title>Viaje a medida \u2013 Crea una experiencia \u00fanica con Terratour<\/title>\n<meta name=\"description\" content=\"Crea tu viaje a medida seg\u00fan tus deseos. Itinerario personalizado, organizaci\u00f3n completa. Empieza tu viaje ahora.\" \/>\n<meta name=\"robots\" content=\"index, follow, max-snippet:-1, max-image-preview:large, max-video-preview:-1\" \/>\n<link rel=\"canonical\" href=\"https:\/\/terratour.ma\/es\/viaje-a-medida\/\" \/>\n<meta property=\"og:locale\" content=\"es_ES\" \/>\n<meta property=\"og:type\" content=\"article\" \/>\n<meta property=\"og:title\" content=\"Viaje a medida \u2013 Crea una experiencia \u00fanica con Terratour\" \/>\n<meta property=\"og:description\" content=\"Crea tu viaje a medida seg\u00fan tus deseos. Itinerario personalizado, organizaci\u00f3n completa. Empieza tu viaje ahora.\" \/>\n<meta property=\"og:url\" content=\"https:\/\/terratour.ma\/es\/viaje-a-medida\/\" \/>\n<meta property=\"og:site_name\" content=\"Terratour\" \/>\n<meta property=\"article:publisher\" content=\"https:\/\/www.facebook.com\/TERRATOUR.VOYAGES\/\" \/>\n<meta property=\"article:modified_time\" content=\"2026-02-10T11:19:02+00:00\" \/>\n<meta property=\"og:image\" content=\"https:\/\/terratour.ma\/wp-content\/uploads\/2025\/11\/voyage-sur-mesure-scaled-e1763634079156.webp\" \/>\n\t<meta property=\"og:image:width\" content=\"1707\" \/>\n\t<meta property=\"og:image:height\" content=\"1212\" \/>\n\t<meta property=\"og:image:type\" content=\"image\/webp\" \/>\n<meta name=\"twitter:card\" content=\"summary_large_image\" \/>\n<meta name=\"twitter:label1\" content=\"Est. reading time\" \/>\n\t<meta name=\"twitter:data1\" content=\"1 minuto\" \/>\n<script type=\"application\/ld+json\" class=\"yoast-schema-graph\">{\"@context\":\"https:\\\/\\\/schema.org\",\"@graph\":[{\"@type\":\"WebPage\",\"@id\":\"https:\\\/\\\/terratour.ma\\\/es\\\/viaje-a-medida\\\/\",\"url\":\"https:\\\/\\\/terratour.ma\\\/es\\\/viaje-a-medida\\\/\",\"name\":\"Viaje a medida \u2013 Crea una experiencia \u00fanica con Terratour\",\"isPartOf\":{\"@id\":\"https:\\\/\\\/terratour.ma\\\/#website\"},\"primaryImageOfPage\":{\"@id\":\"https:\\\/\\\/terratour.ma\\\/es\\\/viaje-a-medida\\\/#primaryimage\"},\"image\":{\"@id\":\"https:\\\/\\\/terratour.ma\\\/es\\\/viaje-a-medida\\\/#primaryimage\"},\"thumbnailUrl\":\"https:\\\/\\\/terratour.ma\\\/wp-content\\\/uploads\\\/2025\\\/11\\\/voyage-sur-mesure-scaled-e1763634079156.webp\",\"datePublished\":\"2025-11-20T10:15:08+00:00\",\"dateModified\":\"2026-02-10T11:19:02+00:00\",\"description\":\"Crea tu viaje a medida seg\u00fan tus deseos. Itinerario personalizado, organizaci\u00f3n completa. Empieza tu viaje ahora.\",\"breadcrumb\":{\"@id\":\"https:\\\/\\\/terratour.ma\\\/es\\\/viaje-a-medida\\\/#breadcrumb\"},\"inLanguage\":\"es-ES\",\"potentialAction\":[{\"@type\":\"ReadAction\",\"target\":[\"https:\\\/\\\/terratour.ma\\\/es\\\/viaje-a-medida\\\/\"]}]},{\"@type\":\"ImageObject\",\"inLanguage\":\"es-ES\",\"@id\":\"https:\\\/\\\/terratour.ma\\\/es\\\/viaje-a-medida\\\/#primaryimage\",\"url\":\"https:\\\/\\\/terratour.ma\\\/wp-content\\\/uploads\\\/2025\\\/11\\\/voyage-sur-mesure-scaled-e1763634079156.webp\",\"contentUrl\":\"https:\\\/\\\/terratour.ma\\\/wp-content\\\/uploads\\\/2025\\\/11\\\/voyage-sur-mesure-scaled-e1763634079156.webp\",\"width\":1707,\"height\":1212,\"caption\":\"voyage sur mesure scaled e1763634079156\"},{\"@type\":\"BreadcrumbList\",\"@id\":\"https:\\\/\\\/terratour.ma\\\/es\\\/viaje-a-medida\\\/#breadcrumb\",\"itemListElement\":[{\"@type\":\"ListItem\",\"position\":1,\"name\":\"Home\",\"item\":\"https:\\\/\\\/terratour.ma\\\/es\\\/\"},{\"@type\":\"ListItem\",\"position\":2,\"name\":\"Viaje a medida\"}]},{\"@type\":\"WebSite\",\"@id\":\"https:\\\/\\\/terratour.ma\\\/#website\",\"url\":\"https:\\\/\\\/terratour.ma\\\/\",\"name\":\"Terratour agence de voyage au Maroc\",\"description\":\"Agence de voyages et de tourisme Maroc - Rabat\",\"publisher\":{\"@id\":\"https:\\\/\\\/terratour.ma\\\/#organization\"},\"alternateName\":\"Terratour agence de voyage au Maroc\",\"potentialAction\":[{\"@type\":\"SearchAction\",\"target\":{\"@type\":\"EntryPoint\",\"urlTemplate\":\"https:\\\/\\\/terratour.ma\\\/?s={search_term_string}\"},\"query-input\":{\"@type\":\"PropertyValueSpecification\",\"valueRequired\":true,\"valueName\":\"search_term_string\"}}],\"inLanguage\":\"es-ES\"},{\"@type\":\"Organization\",\"@id\":\"https:\\\/\\\/terratour.ma\\\/#organization\",\"name\":\"Terratour agence de voyage au Maroc\",\"alternateName\":\"Terratour agence de voyage au Maroc\",\"url\":\"https:\\\/\\\/terratour.ma\\\/\",\"logo\":{\"@type\":\"ImageObject\",\"inLanguage\":\"es-ES\",\"@id\":\"https:\\\/\\\/terratour.ma\\\/#\\\/schema\\\/logo\\\/image\\\/\",\"url\":\"https:\\\/\\\/terratour.ma\\\/wp-content\\\/uploads\\\/2026\\\/02\\\/terratour-agence-de-voyage-au-maroc.webp\",\"contentUrl\":\"https:\\\/\\\/terratour.ma\\\/wp-content\\\/uploads\\\/2026\\\/02\\\/terratour-agence-de-voyage-au-maroc.webp\",\"width\":696,\"height\":696,\"caption\":\"Terratour agence de voyage au Maroc\"},\"image\":{\"@id\":\"https:\\\/\\\/terratour.ma\\\/#\\\/schema\\\/logo\\\/image\\\/\"},\"sameAs\":[\"https:\\\/\\\/www.facebook.com\\\/TERRATOUR.VOYAGES\\\/\",\"https:\\\/\\\/www.instagram.com\\\/terratour_voyages\\\/\",\"https:\\\/\\\/www.youtube.com\\\/@terratourvoyages4925\"]}]}<\/script>\n<!-- \/ Yoast SEO plugin. -->","yoast_head_json":{"title":"Viaje a medida \u2013 Crea una experiencia \u00fanica con Terratour","description":"Crea tu viaje a medida seg\u00fan tus deseos. Itinerario personalizado, organizaci\u00f3n completa. Empieza tu viaje ahora.","robots":{"index":"index","follow":"follow","max-snippet":"max-snippet:-1","max-image-preview":"max-image-preview:large","max-video-preview":"max-video-preview:-1"},"canonical":"https:\/\/terratour.ma\/es\/viaje-a-medida\/","og_locale":"es_ES","og_type":"article","og_title":"Viaje a medida \u2013 Crea una experiencia \u00fanica con Terratour","og_description":"Crea tu viaje a medida seg\u00fan tus deseos. Itinerario personalizado, organizaci\u00f3n completa. Empieza tu viaje ahora.","og_url":"https:\/\/terratour.ma\/es\/viaje-a-medida\/","og_site_name":"Terratour","article_publisher":"https:\/\/www.facebook.com\/TERRATOUR.VOYAGES\/","article_modified_time":"2026-02-10T11:19:02+00:00","og_image":[{"width":1707,"height":1212,"url":"https:\/\/terratour.ma\/wp-content\/uploads\/2025\/11\/voyage-sur-mesure-scaled-e1763634079156.webp","type":"image\/webp"}],"twitter_card":"summary_large_image","twitter_misc":{"Est. reading time":"1 minuto"},"schema":{"@context":"https:\/\/schema.org","@graph":[{"@type":"WebPage","@id":"https:\/\/terratour.ma\/es\/viaje-a-medida\/","url":"https:\/\/terratour.ma\/es\/viaje-a-medida\/","name":"Viaje a medida \u2013 Crea una experiencia \u00fanica con Terratour","isPartOf":{"@id":"https:\/\/terratour.ma\/#website"},"primaryImageOfPage":{"@id":"https:\/\/terratour.ma\/es\/viaje-a-medida\/#primaryimage"},"image":{"@id":"https:\/\/terratour.ma\/es\/viaje-a-medida\/#primaryimage"},"thumbnailUrl":"https:\/\/terratour.ma\/wp-content\/uploads\/2025\/11\/voyage-sur-mesure-scaled-e1763634079156.webp","datePublished":"2025-11-20T10:15:08+00:00","dateModified":"2026-02-10T11:19:02+00:00","description":"Crea tu viaje a medida seg\u00fan tus deseos. Itinerario personalizado, organizaci\u00f3n completa. Empieza tu viaje ahora.","breadcrumb":{"@id":"https:\/\/terratour.ma\/es\/viaje-a-medida\/#breadcrumb"},"inLanguage":"es-ES","potentialAction":[{"@type":"ReadAction","target":["https:\/\/terratour.ma\/es\/viaje-a-medida\/"]}]},{"@type":"ImageObject","inLanguage":"es-ES","@id":"https:\/\/terratour.ma\/es\/viaje-a-medida\/#primaryimage","url":"https:\/\/terratour.ma\/wp-content\/uploads\/2025\/11\/voyage-sur-mesure-scaled-e1763634079156.webp","contentUrl":"https:\/\/terratour.ma\/wp-content\/uploads\/2025\/11\/voyage-sur-mesure-scaled-e1763634079156.webp","width":1707,"height":1212,"caption":"voyage sur mesure scaled e1763634079156"},{"@type":"BreadcrumbList","@id":"https:\/\/terratour.ma\/es\/viaje-a-medida\/#breadcrumb","itemListElement":[{"@type":"ListItem","position":1,"name":"Home","item":"https:\/\/terratour.ma\/es\/"},{"@type":"ListItem","position":2,"name":"Viaje a medida"}]},{"@type":"WebSite","@id":"https:\/\/terratour.ma\/#website","url":"https:\/\/terratour.ma\/","name":"Terratour agence de voyage au Maroc","description":"Agence de voyages et de tourisme Maroc - Rabat","publisher":{"@id":"https:\/\/terratour.ma\/#organization"},"alternateName":"Terratour agence de voyage au Maroc","potentialAction":[{"@type":"SearchAction","target":{"@type":"EntryPoint","urlTemplate":"https:\/\/terratour.ma\/?s={search_term_string}"},"query-input":{"@type":"PropertyValueSpecification","valueRequired":true,"valueName":"search_term_string"}}],"inLanguage":"es-ES"},{"@type":"Organization","@id":"https:\/\/terratour.ma\/#organization","name":"Terratour agence de voyage au Maroc","alternateName":"Terratour agence de voyage au Maroc","url":"https:\/\/terratour.ma\/","logo":{"@type":"ImageObject","inLanguage":"es-ES","@id":"https:\/\/terratour.ma\/#\/schema\/logo\/image\/","url":"https:\/\/terratour.ma\/wp-content\/uploads\/2026\/02\/terratour-agence-de-voyage-au-maroc.webp","contentUrl":"https:\/\/terratour.ma\/wp-content\/uploads\/2026\/02\/terratour-agence-de-voyage-au-maroc.webp","width":696,"height":696,"caption":"Terratour agence de voyage au Maroc"},"image":{"@id":"https:\/\/terratour.ma\/#\/schema\/logo\/image\/"},"sameAs":["https:\/\/www.facebook.com\/TERRATOUR.VOYAGES\/","https:\/\/www.instagram.com\/terratour_voyages\/","https:\/\/www.youtube.com\/@terratourvoyages4925"]}]}},"_links":{"self":[{"href":"https:\/\/terratour.ma\/es\/wp-json\/wp\/v2\/pages\/3994","targetHints":{"allow":["GET"]}}],"collection":[{"href":"https:\/\/terratour.ma\/es\/wp-json\/wp\/v2\/pages"}],"about":[{"href":"https:\/\/terratour.ma\/es\/wp-json\/wp\/v2\/types\/page"}],"author":[{"embeddable":true,"href":"https:\/\/terratour.ma\/es\/wp-json\/wp\/v2\/users\/1"}],"replies":[{"embeddable":true,"href":"https:\/\/terratour.ma\/es\/wp-json\/wp\/v2\/comments?post=3994"}],"version-history":[{"count":0,"href":"https:\/\/terratour.ma\/es\/wp-json\/wp\/v2\/pages\/3994\/revisions"}],"wp:featuredmedia":[{"embeddable":true,"href":"https:\/\/terratour.ma\/es\/wp-json\/wp\/v2\/media\/783"}],"wp:attachment":[{"href":"https:\/\/terratour.ma\/es\/wp-json\/wp\/v2\/media?parent=3994"}],"curies":[{"name":"wp","href":"https:\/\/api.w.org\/{rel}","templated":true}]}}