{"id":3983,"date":"2025-12-04T18:30:46","date_gmt":"2025-12-04T17:30:46","guid":{"rendered":"https:\/\/terratour.ma\/nos-destinations\/"},"modified":"2026-02-10T11:58:47","modified_gmt":"2026-02-10T10:58:47","slug":"nuestros-destinos","status":"publish","type":"page","link":"https:\/\/terratour.ma\/es\/nuestros-destinos\/","title":{"rendered":"Nuestros destinos"},"content":{"rendered":"","protected":false},"excerpt":{"rendered":"","protected":false},"author":1,"featured_media":1014,"parent":0,"menu_order":0,"comment_status":"closed","ping_status":"closed","template":"page-listing-destinations.php","meta":{"_acf_changed":false,"footnotes":""},"class_list":["post-3983","page","type-page","status-publish","has-post-thumbnail","hentry"],"acf":[],"yoast_head":"<!-- This site is optimized with the Yoast SEO plugin v27.5 - https:\/\/yoast.com\/product\/yoast-seo-wordpress\/ -->\n<title>Destinos en Marruecos \u2013 Explora lugares inolvidables<\/title>\n<meta name=\"description\" content=\"Descubre nuestros destinos en Marruecos y d\u00e9jate inspirar por ciudades y paisajes emblem\u00e1ticos. Elige tu pr\u00f3xima aventura.\" \/>\n<meta name=\"robots\" content=\"index, follow, max-snippet:-1, max-image-preview:large, max-video-preview:-1\" \/>\n<link rel=\"canonical\" href=\"https:\/\/terratour.ma\/es\/nuestros-destinos\/\" \/>\n<meta property=\"og:locale\" content=\"es_ES\" \/>\n<meta property=\"og:type\" content=\"article\" \/>\n<meta property=\"og:title\" content=\"Destinos en Marruecos \u2013 Explora lugares inolvidables\" \/>\n<meta property=\"og:description\" content=\"Descubre nuestros destinos en Marruecos y d\u00e9jate inspirar por ciudades y paisajes emblem\u00e1ticos. Elige tu pr\u00f3xima aventura.\" \/>\n<meta property=\"og:url\" content=\"https:\/\/terratour.ma\/es\/nuestros-destinos\/\" \/>\n<meta property=\"og:site_name\" content=\"Terratour\" \/>\n<meta property=\"article:publisher\" content=\"https:\/\/www.facebook.com\/TERRATOUR.VOYAGES\/\" \/>\n<meta property=\"article:modified_time\" content=\"2026-02-10T10:58:47+00:00\" \/>\n<meta property=\"og:image\" content=\"https:\/\/terratour.ma\/wp-content\/uploads\/2025\/11\/image-voyage-3.webp\" \/>\n\t<meta property=\"og:image:width\" content=\"1200\" \/>\n\t<meta property=\"og:image:height\" content=\"444\" \/>\n\t<meta property=\"og:image:type\" content=\"image\/webp\" \/>\n<meta name=\"twitter:card\" content=\"summary_large_image\" \/>\n<meta name=\"twitter:label1\" content=\"Est. reading time\" \/>\n\t<meta name=\"twitter:data1\" content=\"1 minuto\" \/>\n<script type=\"application\/ld+json\" class=\"yoast-schema-graph\">{\"@context\":\"https:\\\/\\\/schema.org\",\"@graph\":[{\"@type\":\"WebPage\",\"@id\":\"https:\\\/\\\/terratour.ma\\\/es\\\/nuestros-destinos\\\/\",\"url\":\"https:\\\/\\\/terratour.ma\\\/es\\\/nuestros-destinos\\\/\",\"name\":\"Destinos en Marruecos \u2013 Explora lugares inolvidables\",\"isPartOf\":{\"@id\":\"https:\\\/\\\/terratour.ma\\\/#website\"},\"primaryImageOfPage\":{\"@id\":\"https:\\\/\\\/terratour.ma\\\/es\\\/nuestros-destinos\\\/#primaryimage\"},\"image\":{\"@id\":\"https:\\\/\\\/terratour.ma\\\/es\\\/nuestros-destinos\\\/#primaryimage\"},\"thumbnailUrl\":\"https:\\\/\\\/terratour.ma\\\/wp-content\\\/uploads\\\/2025\\\/11\\\/image-voyage-3.webp\",\"datePublished\":\"2025-12-04T17:30:46+00:00\",\"dateModified\":\"2026-02-10T10:58:47+00:00\",\"description\":\"Descubre nuestros destinos en Marruecos y d\u00e9jate inspirar por ciudades y paisajes emblem\u00e1ticos. Elige tu pr\u00f3xima aventura.\",\"breadcrumb\":{\"@id\":\"https:\\\/\\\/terratour.ma\\\/es\\\/nuestros-destinos\\\/#breadcrumb\"},\"inLanguage\":\"es-ES\",\"potentialAction\":[{\"@type\":\"ReadAction\",\"target\":[\"https:\\\/\\\/terratour.ma\\\/es\\\/nuestros-destinos\\\/\"]}]},{\"@type\":\"ImageObject\",\"inLanguage\":\"es-ES\",\"@id\":\"https:\\\/\\\/terratour.ma\\\/es\\\/nuestros-destinos\\\/#primaryimage\",\"url\":\"https:\\\/\\\/terratour.ma\\\/wp-content\\\/uploads\\\/2025\\\/11\\\/image-voyage-3.webp\",\"contentUrl\":\"https:\\\/\\\/terratour.ma\\\/wp-content\\\/uploads\\\/2025\\\/11\\\/image-voyage-3.webp\",\"width\":1200,\"height\":444,\"caption\":\"image voyage 3\"},{\"@type\":\"BreadcrumbList\",\"@id\":\"https:\\\/\\\/terratour.ma\\\/es\\\/nuestros-destinos\\\/#breadcrumb\",\"itemListElement\":[{\"@type\":\"ListItem\",\"position\":1,\"name\":\"Home\",\"item\":\"https:\\\/\\\/terratour.ma\\\/es\\\/\"},{\"@type\":\"ListItem\",\"position\":2,\"name\":\"Nuestros destinos\"}]},{\"@type\":\"WebSite\",\"@id\":\"https:\\\/\\\/terratour.ma\\\/#website\",\"url\":\"https:\\\/\\\/terratour.ma\\\/\",\"name\":\"Terratour agence de voyage au Maroc\",\"description\":\"Agence de voyages et de tourisme Maroc - Rabat\",\"publisher\":{\"@id\":\"https:\\\/\\\/terratour.ma\\\/#organization\"},\"alternateName\":\"Terratour agence de voyage au Maroc\",\"potentialAction\":[{\"@type\":\"SearchAction\",\"target\":{\"@type\":\"EntryPoint\",\"urlTemplate\":\"https:\\\/\\\/terratour.ma\\\/?s={search_term_string}\"},\"query-input\":{\"@type\":\"PropertyValueSpecification\",\"valueRequired\":true,\"valueName\":\"search_term_string\"}}],\"inLanguage\":\"es-ES\"},{\"@type\":\"Organization\",\"@id\":\"https:\\\/\\\/terratour.ma\\\/#organization\",\"name\":\"Terratour agence de voyage au Maroc\",\"alternateName\":\"Terratour agence de voyage au Maroc\",\"url\":\"https:\\\/\\\/terratour.ma\\\/\",\"logo\":{\"@type\":\"ImageObject\",\"inLanguage\":\"es-ES\",\"@id\":\"https:\\\/\\\/terratour.ma\\\/#\\\/schema\\\/logo\\\/image\\\/\",\"url\":\"https:\\\/\\\/terratour.ma\\\/wp-content\\\/uploads\\\/2026\\\/02\\\/terratour-agence-de-voyage-au-maroc.webp\",\"contentUrl\":\"https:\\\/\\\/terratour.ma\\\/wp-content\\\/uploads\\\/2026\\\/02\\\/terratour-agence-de-voyage-au-maroc.webp\",\"width\":696,\"height\":696,\"caption\":\"Terratour agence de voyage au Maroc\"},\"image\":{\"@id\":\"https:\\\/\\\/terratour.ma\\\/#\\\/schema\\\/logo\\\/image\\\/\"},\"sameAs\":[\"https:\\\/\\\/www.facebook.com\\\/TERRATOUR.VOYAGES\\\/\",\"https:\\\/\\\/www.instagram.com\\\/terratour_voyages\\\/\",\"https:\\\/\\\/www.youtube.com\\\/@terratourvoyages4925\"]}]}<\/script>\n<!-- \/ Yoast SEO plugin. -->","yoast_head_json":{"title":"Destinos en Marruecos \u2013 Explora lugares inolvidables","description":"Descubre nuestros destinos en Marruecos y d\u00e9jate inspirar por ciudades y paisajes emblem\u00e1ticos. Elige tu pr\u00f3xima aventura.","robots":{"index":"index","follow":"follow","max-snippet":"max-snippet:-1","max-image-preview":"max-image-preview:large","max-video-preview":"max-video-preview:-1"},"canonical":"https:\/\/terratour.ma\/es\/nuestros-destinos\/","og_locale":"es_ES","og_type":"article","og_title":"Destinos en Marruecos \u2013 Explora lugares inolvidables","og_description":"Descubre nuestros destinos en Marruecos y d\u00e9jate inspirar por ciudades y paisajes emblem\u00e1ticos. Elige tu pr\u00f3xima aventura.","og_url":"https:\/\/terratour.ma\/es\/nuestros-destinos\/","og_site_name":"Terratour","article_publisher":"https:\/\/www.facebook.com\/TERRATOUR.VOYAGES\/","article_modified_time":"2026-02-10T10:58:47+00:00","og_image":[{"width":1200,"height":444,"url":"https:\/\/terratour.ma\/wp-content\/uploads\/2025\/11\/image-voyage-3.webp","type":"image\/webp"}],"twitter_card":"summary_large_image","twitter_misc":{"Est. reading time":"1 minuto"},"schema":{"@context":"https:\/\/schema.org","@graph":[{"@type":"WebPage","@id":"https:\/\/terratour.ma\/es\/nuestros-destinos\/","url":"https:\/\/terratour.ma\/es\/nuestros-destinos\/","name":"Destinos en Marruecos \u2013 Explora lugares inolvidables","isPartOf":{"@id":"https:\/\/terratour.ma\/#website"},"primaryImageOfPage":{"@id":"https:\/\/terratour.ma\/es\/nuestros-destinos\/#primaryimage"},"image":{"@id":"https:\/\/terratour.ma\/es\/nuestros-destinos\/#primaryimage"},"thumbnailUrl":"https:\/\/terratour.ma\/wp-content\/uploads\/2025\/11\/image-voyage-3.webp","datePublished":"2025-12-04T17:30:46+00:00","dateModified":"2026-02-10T10:58:47+00:00","description":"Descubre nuestros destinos en Marruecos y d\u00e9jate inspirar por ciudades y paisajes emblem\u00e1ticos. Elige tu pr\u00f3xima aventura.","breadcrumb":{"@id":"https:\/\/terratour.ma\/es\/nuestros-destinos\/#breadcrumb"},"inLanguage":"es-ES","potentialAction":[{"@type":"ReadAction","target":["https:\/\/terratour.ma\/es\/nuestros-destinos\/"]}]},{"@type":"ImageObject","inLanguage":"es-ES","@id":"https:\/\/terratour.ma\/es\/nuestros-destinos\/#primaryimage","url":"https:\/\/terratour.ma\/wp-content\/uploads\/2025\/11\/image-voyage-3.webp","contentUrl":"https:\/\/terratour.ma\/wp-content\/uploads\/2025\/11\/image-voyage-3.webp","width":1200,"height":444,"caption":"image voyage 3"},{"@type":"BreadcrumbList","@id":"https:\/\/terratour.ma\/es\/nuestros-destinos\/#breadcrumb","itemListElement":[{"@type":"ListItem","position":1,"name":"Home","item":"https:\/\/terratour.ma\/es\/"},{"@type":"ListItem","position":2,"name":"Nuestros destinos"}]},{"@type":"WebSite","@id":"https:\/\/terratour.ma\/#website","url":"https:\/\/terratour.ma\/","name":"Terratour agence de voyage au Maroc","description":"Agence de voyages et de tourisme Maroc - Rabat","publisher":{"@id":"https:\/\/terratour.ma\/#organization"},"alternateName":"Terratour agence de voyage au Maroc","potentialAction":[{"@type":"SearchAction","target":{"@type":"EntryPoint","urlTemplate":"https:\/\/terratour.ma\/?s={search_term_string}"},"query-input":{"@type":"PropertyValueSpecification","valueRequired":true,"valueName":"search_term_string"}}],"inLanguage":"es-ES"},{"@type":"Organization","@id":"https:\/\/terratour.ma\/#organization","name":"Terratour agence de voyage au Maroc","alternateName":"Terratour agence de voyage au Maroc","url":"https:\/\/terratour.ma\/","logo":{"@type":"ImageObject","inLanguage":"es-ES","@id":"https:\/\/terratour.ma\/#\/schema\/logo\/image\/","url":"https:\/\/terratour.ma\/wp-content\/uploads\/2026\/02\/terratour-agence-de-voyage-au-maroc.webp","contentUrl":"https:\/\/terratour.ma\/wp-content\/uploads\/2026\/02\/terratour-agence-de-voyage-au-maroc.webp","width":696,"height":696,"caption":"Terratour agence de voyage au Maroc"},"image":{"@id":"https:\/\/terratour.ma\/#\/schema\/logo\/image\/"},"sameAs":["https:\/\/www.facebook.com\/TERRATOUR.VOYAGES\/","https:\/\/www.instagram.com\/terratour_voyages\/","https:\/\/www.youtube.com\/@terratourvoyages4925"]}]}},"_links":{"self":[{"href":"https:\/\/terratour.ma\/es\/wp-json\/wp\/v2\/pages\/3983","targetHints":{"allow":["GET"]}}],"collection":[{"href":"https:\/\/terratour.ma\/es\/wp-json\/wp\/v2\/pages"}],"about":[{"href":"https:\/\/terratour.ma\/es\/wp-json\/wp\/v2\/types\/page"}],"author":[{"embeddable":true,"href":"https:\/\/terratour.ma\/es\/wp-json\/wp\/v2\/users\/1"}],"replies":[{"embeddable":true,"href":"https:\/\/terratour.ma\/es\/wp-json\/wp\/v2\/comments?post=3983"}],"version-history":[{"count":0,"href":"https:\/\/terratour.ma\/es\/wp-json\/wp\/v2\/pages\/3983\/revisions"}],"wp:featuredmedia":[{"embeddable":true,"href":"https:\/\/terratour.ma\/es\/wp-json\/wp\/v2\/media\/1014"}],"wp:attachment":[{"href":"https:\/\/terratour.ma\/es\/wp-json\/wp\/v2\/media?parent=3983"}],"curies":[{"name":"wp","href":"https:\/\/api.w.org\/{rel}","templated":true}]}}