{"id":5778,"date":"2025-12-19T17:38:11","date_gmt":"2025-12-19T16:38:11","guid":{"rendered":"https:\/\/terratour.ma\/mentions-legales\/"},"modified":"2026-02-16T15:20:17","modified_gmt":"2026-02-16T15:20:17","slug":"impressum","status":"publish","type":"page","link":"https:\/\/terratour.ma\/de\/impressum\/","title":{"rendered":"Impressum"},"content":{"rendered":"\n<h2 class=\"wp-block-heading\">Herausgeber der Website<\/h2>\n\n\n\n<p>Die Website <strong>www.terratour.ma<\/strong> <strong> wird herausgegeben von TERRATOUR SARL, einem vom Ministerium f\u00fcr Tourismus des K\u00f6nigreichs Marokko zugelassenen Reise- und Tourismusunternehmen.\u201c<\/strong><\/p>\n\n\n\n<p>Firmenname: TERRATOUR SARL<br>Rechtsform: Gesellschaft mit beschr\u00e4nkter Haftung (SARL)<br>Stammkapital: 7.500.000 MAD<br>Genehmigung des Tourismusministeriums: ODV-12116<br>Handelsregister (RC): 47571 \u2013 Rabat<br>Einheitliche Unternehmensidentifikationsnummer (ICE): 001525745000009<br>Steuernummer (IF): 3331666<\/p>\n\n\n\n<p><strong>Sitz der Gesellschaft:<\/strong><br>121, Avenue Allal Ben Abdellah, Rabat \u2013 Marokko<\/p>\n\n\n\n<p><strong>Weitere Adresse:<\/strong><br>23, Rue Al Maarif Aviation, Rabat \u2013 Marokko<\/p>\n\n\n\n<p><strong>Telefon<\/strong>: +212 5 37 63 57 50<br> <strong>Email :<\/strong> <a title=\"widad@terratour.ma\" href=\"mailto:%77%69%64%61%64%40%74%65%72%72%61%74%6F%75%72%2E%6D%61\">widad@terratour.ma<\/a><br><strong>\u201eWebsite: <a>www.terratour.ma\u201c<\/a><\/strong><\/p>\n\n\n\n<p>Verantwortliche f\u00fcr die Ver\u00f6ffentlichung: Frau Widad Benhammou<\/p>\n\n\n\n<h2 class=\"wp-block-heading\">Hosting der Website<\/h2>\n\n\n\n<p>GOZIL SARL \u2013 Webhosting Marokko<br>www.gozil.ma<\/p>\n\n\n\n<h2 class=\"wp-block-heading\">Bild- und Mediennachweise<\/h2>\n\n\n\n<p>Die auf der Website verwendeten Bilder, Fotografien und visuellen Inhalte stammen entweder aus internen Produktionen der TERRATOUR SARL, von autorisierten Partnern oder aus lizenzfreien Bilddatenbanken wie Pexels und Pixabay und werden gem\u00e4\u00df den jeweiligen Lizenzbedingungen verwendet.<\/p>\n\n\n\n<p>Jegliche Vervielf\u00e4ltigung oder Nutzung der eigens von TERRATOUR SARL erstellten Inhalte ist ohne vorherige schriftliche Genehmigung untersagt.<\/p>\n\n\n\n<h2 class=\"wp-block-heading\">Personenbezogene Daten<\/h2>\n\n\n\n<p>Die \u00fcber die Website erhobenen personenbezogenen Daten werden gem\u00e4\u00df dem Gesetz Nr. 09-08 \u00fcber den Schutz nat\u00fcrlicher Personen bei der Verarbeitung personenbezogener Daten verarbeitet.<\/p>\n\n\n\n<p>F\u00fcr alle Anfragen in Bezug auf Ihre personenbezogenen Daten k\u00f6nnen Sie an folgende Adresse schreiben:<br> <a title=\"widad@terratour.ma\" href=\"mailto:%77%69%64%61%64%40%74%65%72%72%61%74%6F%75%72%2E%6D%61\">widad@terratour.ma <\/a><\/p>\n\n\n\n<h2 class=\"wp-block-heading\">Haftung<\/h2>\n\n\n\n<p>TERRATOUR bem\u00fcht sich, aktuelle Informationen bereitzustellen. Sie kann jedoch nicht f\u00fcr Fehler, Unterbrechungen oder vor\u00fcbergehende Nichtverf\u00fcgbarkeiten der Website sowie f\u00fcr die Inhalte externer Websites verantwortlich gemacht werden, die \u00fcber Hyperlinks zug\u00e4nglich sind.<\/p>\n\n\n\n<h2 class=\"wp-block-heading\">Anwendbares Recht und zust\u00e4ndige Gerichtsbarkeit<\/h2>\n\n\n\n<p>Die vorliegenden rechtlichen Hinweise unterliegen dem marokkanischen Recht. F\u00fcr alle Streitigkeiten sind ausschlie\u00dflich die Gerichte von Rabat zust\u00e4ndig.<\/p>\n\n\n\n<p><em>Letzte Aktualisierung: 28. Januar 2026<\/em><\/p>\n","protected":false},"excerpt":{"rendered":"<p>Herausgeber der Website Die Website www.terratour.ma wird herausgegeben von TERRATOUR SARL, einem vom Ministerium f\u00fcr Tourismus des K\u00f6nigreichs Marokko zugelassenen Reise- und Tourismusunternehmen.\u201c Firmenname: TERRATOUR SARLRechtsform: Gesellschaft mit beschr\u00e4nkter Haftung (SARL)Stammkapital: 7.500.000 MADGenehmigung des Tourismusministeriums: ODV-12116Handelsregister (RC): 47571 \u2013 RabatEinheitliche Unternehmensidentifikationsnummer (ICE): 001525745000009Steuernummer (IF): 3331666 Sitz der Gesellschaft:121, Avenue Allal Ben Abdellah, Rabat \u2013 Marokko [&hellip;]<\/p>\n","protected":false},"author":1,"featured_media":0,"parent":0,"menu_order":0,"comment_status":"closed","ping_status":"closed","template":"","meta":{"_acf_changed":false,"footnotes":""},"class_list":["post-5778","page","type-page","status-publish","hentry"],"acf":[],"yoast_head":"<!-- This site is optimized with the Yoast SEO plugin v27.5 - https:\/\/yoast.com\/product\/yoast-seo-wordpress\/ -->\n<title>Terratour Impressum \u2013 Offizielle Informationen<\/title>\n<meta name=\"description\" content=\"Terratour Impressum: Herausgeber, Hosting, Kontakte und rechtliche Informationen Ihrer Reiseagentur in Rabat. Offizielle Details ansehen.\" \/>\n<meta name=\"robots\" content=\"index, follow, max-snippet:-1, max-image-preview:large, max-video-preview:-1\" \/>\n<link rel=\"canonical\" href=\"https:\/\/terratour.ma\/de\/impressum\/\" \/>\n<meta property=\"og:locale\" content=\"de_DE\" \/>\n<meta property=\"og:type\" content=\"article\" \/>\n<meta property=\"og:title\" content=\"Terratour Impressum \u2013 Offizielle Informationen\" \/>\n<meta property=\"og:description\" content=\"Terratour Impressum: Herausgeber, Hosting, Kontakte und rechtliche Informationen Ihrer Reiseagentur in Rabat. Offizielle Details ansehen.\" \/>\n<meta property=\"og:url\" content=\"https:\/\/terratour.ma\/de\/impressum\/\" \/>\n<meta property=\"og:site_name\" content=\"Terratour\" \/>\n<meta property=\"article:publisher\" content=\"https:\/\/www.facebook.com\/TERRATOUR.VOYAGES\/\" \/>\n<meta property=\"article:modified_time\" content=\"2026-02-16T15:20:17+00:00\" \/>\n<meta property=\"og:image\" content=\"https:\/\/terratour.ma\/wp-content\/uploads\/2026\/02\/terratour-agence-de-voyage-au-maroc.webp\" \/>\n\t<meta property=\"og:image:width\" content=\"696\" \/>\n\t<meta property=\"og:image:height\" content=\"696\" \/>\n\t<meta property=\"og:image:type\" content=\"image\/webp\" \/>\n<meta name=\"twitter:card\" content=\"summary_large_image\" \/>\n<meta name=\"twitter:label1\" content=\"Est. reading time\" \/>\n\t<meta name=\"twitter:data1\" content=\"2\u00a0Minute\" \/>\n<script type=\"application\/ld+json\" class=\"yoast-schema-graph\">{\"@context\":\"https:\\\/\\\/schema.org\",\"@graph\":[{\"@type\":\"WebPage\",\"@id\":\"https:\\\/\\\/terratour.ma\\\/de\\\/impressum\\\/\",\"url\":\"https:\\\/\\\/terratour.ma\\\/de\\\/impressum\\\/\",\"name\":\"Terratour Impressum \u2013 Offizielle Informationen\",\"isPartOf\":{\"@id\":\"https:\\\/\\\/terratour.ma\\\/#website\"},\"datePublished\":\"2025-12-19T16:38:11+00:00\",\"dateModified\":\"2026-02-16T15:20:17+00:00\",\"description\":\"Terratour Impressum: Herausgeber, Hosting, Kontakte und rechtliche Informationen Ihrer Reiseagentur in Rabat. Offizielle Details ansehen.\",\"breadcrumb\":{\"@id\":\"https:\\\/\\\/terratour.ma\\\/de\\\/impressum\\\/#breadcrumb\"},\"inLanguage\":\"de-DE\",\"potentialAction\":[{\"@type\":\"ReadAction\",\"target\":[\"https:\\\/\\\/terratour.ma\\\/de\\\/impressum\\\/\"]}]},{\"@type\":\"BreadcrumbList\",\"@id\":\"https:\\\/\\\/terratour.ma\\\/de\\\/impressum\\\/#breadcrumb\",\"itemListElement\":[{\"@type\":\"ListItem\",\"position\":1,\"name\":\"Home\",\"item\":\"https:\\\/\\\/terratour.ma\\\/de\\\/\"},{\"@type\":\"ListItem\",\"position\":2,\"name\":\"Impressum\"}]},{\"@type\":\"WebSite\",\"@id\":\"https:\\\/\\\/terratour.ma\\\/#website\",\"url\":\"https:\\\/\\\/terratour.ma\\\/\",\"name\":\"Terratour agence de voyage au Maroc\",\"description\":\"Agence de voyages et de tourisme Maroc - Rabat\",\"publisher\":{\"@id\":\"https:\\\/\\\/terratour.ma\\\/#organization\"},\"alternateName\":\"Terratour agence de voyage au Maroc\",\"potentialAction\":[{\"@type\":\"SearchAction\",\"target\":{\"@type\":\"EntryPoint\",\"urlTemplate\":\"https:\\\/\\\/terratour.ma\\\/?s={search_term_string}\"},\"query-input\":{\"@type\":\"PropertyValueSpecification\",\"valueRequired\":true,\"valueName\":\"search_term_string\"}}],\"inLanguage\":\"de-DE\"},{\"@type\":\"Organization\",\"@id\":\"https:\\\/\\\/terratour.ma\\\/#organization\",\"name\":\"Terratour agence de voyage au Maroc\",\"alternateName\":\"Terratour agence de voyage au Maroc\",\"url\":\"https:\\\/\\\/terratour.ma\\\/\",\"logo\":{\"@type\":\"ImageObject\",\"inLanguage\":\"de-DE\",\"@id\":\"https:\\\/\\\/terratour.ma\\\/#\\\/schema\\\/logo\\\/image\\\/\",\"url\":\"https:\\\/\\\/terratour.ma\\\/wp-content\\\/uploads\\\/2026\\\/02\\\/terratour-agence-de-voyage-au-maroc.webp\",\"contentUrl\":\"https:\\\/\\\/terratour.ma\\\/wp-content\\\/uploads\\\/2026\\\/02\\\/terratour-agence-de-voyage-au-maroc.webp\",\"width\":696,\"height\":696,\"caption\":\"Terratour agence de voyage au Maroc\"},\"image\":{\"@id\":\"https:\\\/\\\/terratour.ma\\\/#\\\/schema\\\/logo\\\/image\\\/\"},\"sameAs\":[\"https:\\\/\\\/www.facebook.com\\\/TERRATOUR.VOYAGES\\\/\",\"https:\\\/\\\/www.instagram.com\\\/terratour_voyages\\\/\",\"https:\\\/\\\/www.youtube.com\\\/@terratourvoyages4925\"]}]}<\/script>\n<!-- \/ Yoast SEO plugin. -->","yoast_head_json":{"title":"Terratour Impressum \u2013 Offizielle Informationen","description":"Terratour Impressum: Herausgeber, Hosting, Kontakte und rechtliche Informationen Ihrer Reiseagentur in Rabat. Offizielle Details ansehen.","robots":{"index":"index","follow":"follow","max-snippet":"max-snippet:-1","max-image-preview":"max-image-preview:large","max-video-preview":"max-video-preview:-1"},"canonical":"https:\/\/terratour.ma\/de\/impressum\/","og_locale":"de_DE","og_type":"article","og_title":"Terratour Impressum \u2013 Offizielle Informationen","og_description":"Terratour Impressum: Herausgeber, Hosting, Kontakte und rechtliche Informationen Ihrer Reiseagentur in Rabat. Offizielle Details ansehen.","og_url":"https:\/\/terratour.ma\/de\/impressum\/","og_site_name":"Terratour","article_publisher":"https:\/\/www.facebook.com\/TERRATOUR.VOYAGES\/","article_modified_time":"2026-02-16T15:20:17+00:00","og_image":[{"width":696,"height":696,"url":"https:\/\/terratour.ma\/wp-content\/uploads\/2026\/02\/terratour-agence-de-voyage-au-maroc.webp","type":"image\/webp"}],"twitter_card":"summary_large_image","twitter_misc":{"Est. reading time":"2\u00a0Minute"},"schema":{"@context":"https:\/\/schema.org","@graph":[{"@type":"WebPage","@id":"https:\/\/terratour.ma\/de\/impressum\/","url":"https:\/\/terratour.ma\/de\/impressum\/","name":"Terratour Impressum \u2013 Offizielle Informationen","isPartOf":{"@id":"https:\/\/terratour.ma\/#website"},"datePublished":"2025-12-19T16:38:11+00:00","dateModified":"2026-02-16T15:20:17+00:00","description":"Terratour Impressum: Herausgeber, Hosting, Kontakte und rechtliche Informationen Ihrer Reiseagentur in Rabat. Offizielle Details ansehen.","breadcrumb":{"@id":"https:\/\/terratour.ma\/de\/impressum\/#breadcrumb"},"inLanguage":"de-DE","potentialAction":[{"@type":"ReadAction","target":["https:\/\/terratour.ma\/de\/impressum\/"]}]},{"@type":"BreadcrumbList","@id":"https:\/\/terratour.ma\/de\/impressum\/#breadcrumb","itemListElement":[{"@type":"ListItem","position":1,"name":"Home","item":"https:\/\/terratour.ma\/de\/"},{"@type":"ListItem","position":2,"name":"Impressum"}]},{"@type":"WebSite","@id":"https:\/\/terratour.ma\/#website","url":"https:\/\/terratour.ma\/","name":"Terratour agence de voyage au Maroc","description":"Agence de voyages et de tourisme Maroc - Rabat","publisher":{"@id":"https:\/\/terratour.ma\/#organization"},"alternateName":"Terratour agence de voyage au Maroc","potentialAction":[{"@type":"SearchAction","target":{"@type":"EntryPoint","urlTemplate":"https:\/\/terratour.ma\/?s={search_term_string}"},"query-input":{"@type":"PropertyValueSpecification","valueRequired":true,"valueName":"search_term_string"}}],"inLanguage":"de-DE"},{"@type":"Organization","@id":"https:\/\/terratour.ma\/#organization","name":"Terratour agence de voyage au Maroc","alternateName":"Terratour agence de voyage au Maroc","url":"https:\/\/terratour.ma\/","logo":{"@type":"ImageObject","inLanguage":"de-DE","@id":"https:\/\/terratour.ma\/#\/schema\/logo\/image\/","url":"https:\/\/terratour.ma\/wp-content\/uploads\/2026\/02\/terratour-agence-de-voyage-au-maroc.webp","contentUrl":"https:\/\/terratour.ma\/wp-content\/uploads\/2026\/02\/terratour-agence-de-voyage-au-maroc.webp","width":696,"height":696,"caption":"Terratour agence de voyage au Maroc"},"image":{"@id":"https:\/\/terratour.ma\/#\/schema\/logo\/image\/"},"sameAs":["https:\/\/www.facebook.com\/TERRATOUR.VOYAGES\/","https:\/\/www.instagram.com\/terratour_voyages\/","https:\/\/www.youtube.com\/@terratourvoyages4925"]}]}},"_links":{"self":[{"href":"https:\/\/terratour.ma\/de\/wp-json\/wp\/v2\/pages\/5778","targetHints":{"allow":["GET"]}}],"collection":[{"href":"https:\/\/terratour.ma\/de\/wp-json\/wp\/v2\/pages"}],"about":[{"href":"https:\/\/terratour.ma\/de\/wp-json\/wp\/v2\/types\/page"}],"author":[{"embeddable":true,"href":"https:\/\/terratour.ma\/de\/wp-json\/wp\/v2\/users\/1"}],"replies":[{"embeddable":true,"href":"https:\/\/terratour.ma\/de\/wp-json\/wp\/v2\/comments?post=5778"}],"version-history":[{"count":1,"href":"https:\/\/terratour.ma\/de\/wp-json\/wp\/v2\/pages\/5778\/revisions"}],"predecessor-version":[{"id":6638,"href":"https:\/\/terratour.ma\/de\/wp-json\/wp\/v2\/pages\/5778\/revisions\/6638"}],"wp:attachment":[{"href":"https:\/\/terratour.ma\/de\/wp-json\/wp\/v2\/media?parent=5778"}],"curies":[{"name":"wp","href":"https:\/\/api.w.org\/{rel}","templated":true}]}}