{"id":3972,"date":"2025-12-03T12:51:00","date_gmt":"2025-12-03T11:51:00","guid":{"rendered":"https:\/\/terratour.ma\/contactez-nous\/"},"modified":"2026-02-10T11:40:07","modified_gmt":"2026-02-10T10:40:07","slug":"kontaktieren-sie-uns","status":"publish","type":"page","link":"https:\/\/terratour.ma\/de\/kontaktieren-sie-uns\/","title":{"rendered":"Kontaktieren Sie uns"},"content":{"rendered":"","protected":false},"excerpt":{"rendered":"","protected":false},"author":1,"featured_media":800,"parent":0,"menu_order":0,"comment_status":"closed","ping_status":"closed","template":"page-voyage-sur-mesure.php","meta":{"_acf_changed":false,"footnotes":""},"class_list":["post-3972","page","type-page","status-publish","has-post-thumbnail","hentry"],"acf":[],"yoast_head":"<!-- This site is optimized with the Yoast SEO plugin v27.4 - https:\/\/yoast.com\/product\/yoast-seo-wordpress\/ -->\n<title>Reiseb\u00fcro in Marokko kontaktieren<\/title>\n<meta name=\"description\" content=\"Ben\u00f6tigen Sie Hilfe bei Ihrer Reise? Kontaktieren Sie unser Reiseb\u00fcro in Marokko und erhalten Sie schnelle Antwort. Schreiben Sie uns jetzt.\" \/>\n<meta name=\"robots\" content=\"index, follow, max-snippet:-1, max-image-preview:large, max-video-preview:-1\" \/>\n<link rel=\"canonical\" href=\"https:\/\/terratour.ma\/de\/kontaktieren-sie-uns\/\" \/>\n<meta property=\"og:locale\" content=\"de_DE\" \/>\n<meta property=\"og:type\" content=\"article\" \/>\n<meta property=\"og:title\" content=\"Reiseb\u00fcro in Marokko kontaktieren\" \/>\n<meta property=\"og:description\" content=\"Ben\u00f6tigen Sie Hilfe bei Ihrer Reise? Kontaktieren Sie unser Reiseb\u00fcro in Marokko und erhalten Sie schnelle Antwort. Schreiben Sie uns jetzt.\" \/>\n<meta property=\"og:url\" content=\"https:\/\/terratour.ma\/de\/kontaktieren-sie-uns\/\" \/>\n<meta property=\"og:site_name\" content=\"Terratour\" \/>\n<meta property=\"article:publisher\" content=\"https:\/\/www.facebook.com\/TERRATOUR.VOYAGES\/\" \/>\n<meta property=\"article:modified_time\" content=\"2026-02-10T10:40:07+00:00\" \/>\n<meta property=\"og:image\" content=\"https:\/\/terratour.ma\/wp-content\/uploads\/2025\/11\/faq-banner-scaled.webp\" \/>\n\t<meta property=\"og:image:width\" content=\"2560\" \/>\n\t<meta property=\"og:image:height\" content=\"1441\" \/>\n\t<meta property=\"og:image:type\" content=\"image\/webp\" \/>\n<meta name=\"twitter:card\" content=\"summary_large_image\" \/>\n<meta name=\"twitter:label1\" content=\"Est. reading time\" \/>\n\t<meta name=\"twitter:data1\" content=\"1\u00a0Minute\" \/>\n<script type=\"application\/ld+json\" class=\"yoast-schema-graph\">{\"@context\":\"https:\\\/\\\/schema.org\",\"@graph\":[{\"@type\":\"WebPage\",\"@id\":\"https:\\\/\\\/terratour.ma\\\/de\\\/kontaktieren-sie-uns\\\/\",\"url\":\"https:\\\/\\\/terratour.ma\\\/de\\\/kontaktieren-sie-uns\\\/\",\"name\":\"Reiseb\u00fcro in Marokko kontaktieren\",\"isPartOf\":{\"@id\":\"https:\\\/\\\/terratour.ma\\\/#website\"},\"primaryImageOfPage\":{\"@id\":\"https:\\\/\\\/terratour.ma\\\/de\\\/kontaktieren-sie-uns\\\/#primaryimage\"},\"image\":{\"@id\":\"https:\\\/\\\/terratour.ma\\\/de\\\/kontaktieren-sie-uns\\\/#primaryimage\"},\"thumbnailUrl\":\"https:\\\/\\\/terratour.ma\\\/wp-content\\\/uploads\\\/2025\\\/11\\\/faq-banner-scaled.webp\",\"datePublished\":\"2025-12-03T11:51:00+00:00\",\"dateModified\":\"2026-02-10T10:40:07+00:00\",\"description\":\"Ben\u00f6tigen Sie Hilfe bei Ihrer Reise? Kontaktieren Sie unser Reiseb\u00fcro in Marokko und erhalten Sie schnelle Antwort. Schreiben Sie uns jetzt.\",\"breadcrumb\":{\"@id\":\"https:\\\/\\\/terratour.ma\\\/de\\\/kontaktieren-sie-uns\\\/#breadcrumb\"},\"inLanguage\":\"de-DE\",\"potentialAction\":[{\"@type\":\"ReadAction\",\"target\":[\"https:\\\/\\\/terratour.ma\\\/de\\\/kontaktieren-sie-uns\\\/\"]}]},{\"@type\":\"ImageObject\",\"inLanguage\":\"de-DE\",\"@id\":\"https:\\\/\\\/terratour.ma\\\/de\\\/kontaktieren-sie-uns\\\/#primaryimage\",\"url\":\"https:\\\/\\\/terratour.ma\\\/wp-content\\\/uploads\\\/2025\\\/11\\\/faq-banner-scaled.webp\",\"contentUrl\":\"https:\\\/\\\/terratour.ma\\\/wp-content\\\/uploads\\\/2025\\\/11\\\/faq-banner-scaled.webp\",\"width\":2560,\"height\":1441,\"caption\":\"faq banner scaled\"},{\"@type\":\"BreadcrumbList\",\"@id\":\"https:\\\/\\\/terratour.ma\\\/de\\\/kontaktieren-sie-uns\\\/#breadcrumb\",\"itemListElement\":[{\"@type\":\"ListItem\",\"position\":1,\"name\":\"Home\",\"item\":\"https:\\\/\\\/terratour.ma\\\/de\\\/\"},{\"@type\":\"ListItem\",\"position\":2,\"name\":\"Kontaktieren Sie uns\"}]},{\"@type\":\"WebSite\",\"@id\":\"https:\\\/\\\/terratour.ma\\\/#website\",\"url\":\"https:\\\/\\\/terratour.ma\\\/\",\"name\":\"Terratour agence de voyage au Maroc\",\"description\":\"Agence de voyages et de tourisme Maroc - Rabat\",\"publisher\":{\"@id\":\"https:\\\/\\\/terratour.ma\\\/#organization\"},\"alternateName\":\"Terratour agence de voyage au Maroc\",\"potentialAction\":[{\"@type\":\"SearchAction\",\"target\":{\"@type\":\"EntryPoint\",\"urlTemplate\":\"https:\\\/\\\/terratour.ma\\\/?s={search_term_string}\"},\"query-input\":{\"@type\":\"PropertyValueSpecification\",\"valueRequired\":true,\"valueName\":\"search_term_string\"}}],\"inLanguage\":\"de-DE\"},{\"@type\":\"Organization\",\"@id\":\"https:\\\/\\\/terratour.ma\\\/#organization\",\"name\":\"Terratour agence de voyage au Maroc\",\"alternateName\":\"Terratour agence de voyage au Maroc\",\"url\":\"https:\\\/\\\/terratour.ma\\\/\",\"logo\":{\"@type\":\"ImageObject\",\"inLanguage\":\"de-DE\",\"@id\":\"https:\\\/\\\/terratour.ma\\\/#\\\/schema\\\/logo\\\/image\\\/\",\"url\":\"https:\\\/\\\/terratour.ma\\\/wp-content\\\/uploads\\\/2026\\\/02\\\/terratour-agence-de-voyage-au-maroc.webp\",\"contentUrl\":\"https:\\\/\\\/terratour.ma\\\/wp-content\\\/uploads\\\/2026\\\/02\\\/terratour-agence-de-voyage-au-maroc.webp\",\"width\":696,\"height\":696,\"caption\":\"Terratour agence de voyage au Maroc\"},\"image\":{\"@id\":\"https:\\\/\\\/terratour.ma\\\/#\\\/schema\\\/logo\\\/image\\\/\"},\"sameAs\":[\"https:\\\/\\\/www.facebook.com\\\/TERRATOUR.VOYAGES\\\/\",\"https:\\\/\\\/www.instagram.com\\\/terratour_voyages\\\/\",\"https:\\\/\\\/www.youtube.com\\\/@terratourvoyages4925\"]}]}<\/script>\n<!-- \/ Yoast SEO plugin. -->","yoast_head_json":{"title":"Reiseb\u00fcro in Marokko kontaktieren","description":"Ben\u00f6tigen Sie Hilfe bei Ihrer Reise? Kontaktieren Sie unser Reiseb\u00fcro in Marokko und erhalten Sie schnelle Antwort. Schreiben Sie uns jetzt.","robots":{"index":"index","follow":"follow","max-snippet":"max-snippet:-1","max-image-preview":"max-image-preview:large","max-video-preview":"max-video-preview:-1"},"canonical":"https:\/\/terratour.ma\/de\/kontaktieren-sie-uns\/","og_locale":"de_DE","og_type":"article","og_title":"Reiseb\u00fcro in Marokko kontaktieren","og_description":"Ben\u00f6tigen Sie Hilfe bei Ihrer Reise? Kontaktieren Sie unser Reiseb\u00fcro in Marokko und erhalten Sie schnelle Antwort. Schreiben Sie uns jetzt.","og_url":"https:\/\/terratour.ma\/de\/kontaktieren-sie-uns\/","og_site_name":"Terratour","article_publisher":"https:\/\/www.facebook.com\/TERRATOUR.VOYAGES\/","article_modified_time":"2026-02-10T10:40:07+00:00","og_image":[{"width":2560,"height":1441,"url":"https:\/\/terratour.ma\/wp-content\/uploads\/2025\/11\/faq-banner-scaled.webp","type":"image\/webp"}],"twitter_card":"summary_large_image","twitter_misc":{"Est. reading time":"1\u00a0Minute"},"schema":{"@context":"https:\/\/schema.org","@graph":[{"@type":"WebPage","@id":"https:\/\/terratour.ma\/de\/kontaktieren-sie-uns\/","url":"https:\/\/terratour.ma\/de\/kontaktieren-sie-uns\/","name":"Reiseb\u00fcro in Marokko kontaktieren","isPartOf":{"@id":"https:\/\/terratour.ma\/#website"},"primaryImageOfPage":{"@id":"https:\/\/terratour.ma\/de\/kontaktieren-sie-uns\/#primaryimage"},"image":{"@id":"https:\/\/terratour.ma\/de\/kontaktieren-sie-uns\/#primaryimage"},"thumbnailUrl":"https:\/\/terratour.ma\/wp-content\/uploads\/2025\/11\/faq-banner-scaled.webp","datePublished":"2025-12-03T11:51:00+00:00","dateModified":"2026-02-10T10:40:07+00:00","description":"Ben\u00f6tigen Sie Hilfe bei Ihrer Reise? Kontaktieren Sie unser Reiseb\u00fcro in Marokko und erhalten Sie schnelle Antwort. Schreiben Sie uns jetzt.","breadcrumb":{"@id":"https:\/\/terratour.ma\/de\/kontaktieren-sie-uns\/#breadcrumb"},"inLanguage":"de-DE","potentialAction":[{"@type":"ReadAction","target":["https:\/\/terratour.ma\/de\/kontaktieren-sie-uns\/"]}]},{"@type":"ImageObject","inLanguage":"de-DE","@id":"https:\/\/terratour.ma\/de\/kontaktieren-sie-uns\/#primaryimage","url":"https:\/\/terratour.ma\/wp-content\/uploads\/2025\/11\/faq-banner-scaled.webp","contentUrl":"https:\/\/terratour.ma\/wp-content\/uploads\/2025\/11\/faq-banner-scaled.webp","width":2560,"height":1441,"caption":"faq banner scaled"},{"@type":"BreadcrumbList","@id":"https:\/\/terratour.ma\/de\/kontaktieren-sie-uns\/#breadcrumb","itemListElement":[{"@type":"ListItem","position":1,"name":"Home","item":"https:\/\/terratour.ma\/de\/"},{"@type":"ListItem","position":2,"name":"Kontaktieren Sie uns"}]},{"@type":"WebSite","@id":"https:\/\/terratour.ma\/#website","url":"https:\/\/terratour.ma\/","name":"Terratour agence de voyage au Maroc","description":"Agence de voyages et de tourisme Maroc - Rabat","publisher":{"@id":"https:\/\/terratour.ma\/#organization"},"alternateName":"Terratour agence de voyage au Maroc","potentialAction":[{"@type":"SearchAction","target":{"@type":"EntryPoint","urlTemplate":"https:\/\/terratour.ma\/?s={search_term_string}"},"query-input":{"@type":"PropertyValueSpecification","valueRequired":true,"valueName":"search_term_string"}}],"inLanguage":"de-DE"},{"@type":"Organization","@id":"https:\/\/terratour.ma\/#organization","name":"Terratour agence de voyage au Maroc","alternateName":"Terratour agence de voyage au Maroc","url":"https:\/\/terratour.ma\/","logo":{"@type":"ImageObject","inLanguage":"de-DE","@id":"https:\/\/terratour.ma\/#\/schema\/logo\/image\/","url":"https:\/\/terratour.ma\/wp-content\/uploads\/2026\/02\/terratour-agence-de-voyage-au-maroc.webp","contentUrl":"https:\/\/terratour.ma\/wp-content\/uploads\/2026\/02\/terratour-agence-de-voyage-au-maroc.webp","width":696,"height":696,"caption":"Terratour agence de voyage au Maroc"},"image":{"@id":"https:\/\/terratour.ma\/#\/schema\/logo\/image\/"},"sameAs":["https:\/\/www.facebook.com\/TERRATOUR.VOYAGES\/","https:\/\/www.instagram.com\/terratour_voyages\/","https:\/\/www.youtube.com\/@terratourvoyages4925"]}]}},"_links":{"self":[{"href":"https:\/\/terratour.ma\/de\/wp-json\/wp\/v2\/pages\/3972","targetHints":{"allow":["GET"]}}],"collection":[{"href":"https:\/\/terratour.ma\/de\/wp-json\/wp\/v2\/pages"}],"about":[{"href":"https:\/\/terratour.ma\/de\/wp-json\/wp\/v2\/types\/page"}],"author":[{"embeddable":true,"href":"https:\/\/terratour.ma\/de\/wp-json\/wp\/v2\/users\/1"}],"replies":[{"embeddable":true,"href":"https:\/\/terratour.ma\/de\/wp-json\/wp\/v2\/comments?post=3972"}],"version-history":[{"count":0,"href":"https:\/\/terratour.ma\/de\/wp-json\/wp\/v2\/pages\/3972\/revisions"}],"wp:featuredmedia":[{"embeddable":true,"href":"https:\/\/terratour.ma\/de\/wp-json\/wp\/v2\/media\/800"}],"wp:attachment":[{"href":"https:\/\/terratour.ma\/de\/wp-json\/wp\/v2\/media?parent=3972"}],"curies":[{"name":"wp","href":"https:\/\/api.w.org\/{rel}","templated":true}]}}